{"id":14,"date":"2024-02-21T00:43:51","date_gmt":"2024-02-21T00:43:51","guid":{"rendered":"https:\/\/besafegroup.cv\/?page_id=14"},"modified":"2024-04-17T16:21:09","modified_gmt":"2024-04-17T16:21:09","slug":"a-agro-safe","status":"publish","type":"page","link":"https:\/\/besafegroup.cv\/?page_id=14","title":{"rendered":"AGRO SAFE"},"content":{"rendered":"\t\t<div data-elementor-type=\"wp-page\" data-elementor-id=\"14\" class=\"elementor elementor-14\" data-elementor-post-type=\"page\">\n\t\t\t\t\t\t<section class=\"elementor-section elementor-top-section elementor-element elementor-element-ff29421 elementor-section-boxed elementor-section-height-default elementor-section-height-default\" data-id=\"ff29421\" data-element_type=\"section\" data-settings=\"{&quot;background_background&quot;:&quot;classic&quot;}\">\n\t\t\t\t\t\t<div class=\"elementor-container elementor-column-gap-default\">\n\t\t\t\t\t<div class=\"elementor-column elementor-col-100 elementor-top-column elementor-element elementor-element-a58bab5\" data-id=\"a58bab5\" data-element_type=\"column\">\n\t\t\t<div class=\"elementor-widget-wrap elementor-element-populated\">\n\t\t\t\t\t\t<div class=\"elementor-element elementor-element-6d412be people-working-content elementor-widget__width-initial elementor-widget-mobile__width-inherit elementor-widget elementor-widget-text-editor\" data-id=\"6d412be\" data-element_type=\"widget\" data-widget_type=\"text-editor.default\">\n\t\t\t\t<div class=\"elementor-widget-container\">\n\t\t\t<style>\/*! elementor - v3.19.0 - 07-02-2024 *\/\n.elementor-widget-text-editor.elementor-drop-cap-view-stacked .elementor-drop-cap{background-color:#69727d;color:#fff}.elementor-widget-text-editor.elementor-drop-cap-view-framed .elementor-drop-cap{color:#69727d;border:3px solid;background-color:transparent}.elementor-widget-text-editor:not(.elementor-drop-cap-view-default) .elementor-drop-cap{margin-top:8px}.elementor-widget-text-editor:not(.elementor-drop-cap-view-default) .elementor-drop-cap-letter{width:1em;height:1em}.elementor-widget-text-editor .elementor-drop-cap{float:left;text-align:center;line-height:1;font-size:50px}.elementor-widget-text-editor .elementor-drop-cap-letter{display:inline-block}<\/style>\t\t\t\t<p>A AGRO SAFE atua no ramo da agricultura, pecu\u00e1ria, pesca e aquicultura, desenvolvendo projetos, auxiliando o produtor no aumento da produtividade, gerando renda, promovendo oportunidade de emprego e qualidade de vida.<\/p>\t\t\t\t\t\t<\/div>\n\t\t\t\t<\/div>\n\t\t\t\t<section class=\"elementor-section elementor-inner-section elementor-element elementor-element-33b110c elementor-section-boxed elementor-section-height-default elementor-section-height-default\" data-id=\"33b110c\" data-element_type=\"section\">\n\t\t\t\t\t\t<div class=\"elementor-container elementor-column-gap-default\">\n\t\t\t\t\t<div class=\"elementor-column elementor-col-33 elementor-inner-column elementor-element elementor-element-9b63bf8 project-box\" data-id=\"9b63bf8\" data-element_type=\"column\">\n\t\t\t<div class=\"elementor-widget-wrap elementor-element-populated\">\n\t\t\t\t\t\t<div class=\"elementor-element elementor-element-b838622 animated-slow elementor-invisible elementor-widget elementor-widget-image\" data-id=\"b838622\" data-element_type=\"widget\" data-settings=\"{&quot;_animation&quot;:&quot;zoomIn&quot;}\" data-widget_type=\"image.default\">\n\t\t\t\t<div class=\"elementor-widget-container\">\n\t\t\t<style>\/*! elementor - v3.19.0 - 07-02-2024 *\/\n.elementor-widget-image{text-align:center}.elementor-widget-image a{display:inline-block}.elementor-widget-image a img[src$=\".svg\"]{width:48px}.elementor-widget-image img{vertical-align:middle;display:inline-block}<\/style>\t\t\t\t\t\t\t\t\t\t\t<a href=\"#\">\n\t\t\t\t\t\t\t<img fetchpriority=\"high\" decoding=\"async\" width=\"1000\" height=\"1000\" src=\"https:\/\/besafegroup.cv\/wp-content\/uploads\/2024\/03\/besafe_projet_imagem_site_01.png\" class=\"attachment-large size-large wp-image-1146\" alt=\"\" srcset=\"https:\/\/besafegroup.cv\/wp-content\/uploads\/2024\/03\/besafe_projet_imagem_site_01.png 1000w, https:\/\/besafegroup.cv\/wp-content\/uploads\/2024\/03\/besafe_projet_imagem_site_01-300x300.png 300w, https:\/\/besafegroup.cv\/wp-content\/uploads\/2024\/03\/besafe_projet_imagem_site_01-150x150.png 150w, https:\/\/besafegroup.cv\/wp-content\/uploads\/2024\/03\/besafe_projet_imagem_site_01-768x768.png 768w\" sizes=\"(max-width: 1000px) 100vw, 1000px\" \/>\t\t\t\t\t\t\t\t<\/a>\n\t\t\t\t\t\t\t\t\t\t\t\t\t<\/div>\n\t\t\t\t<\/div>\n\t\t\t\t<div class=\"elementor-element elementor-element-4b7a38d elementor-widget elementor-widget-heading\" data-id=\"4b7a38d\" data-element_type=\"widget\" data-widget_type=\"heading.default\">\n\t\t\t\t<div class=\"elementor-widget-container\">\n\t\t\t<style>\/*! elementor - v3.19.0 - 07-02-2024 *\/\n.elementor-heading-title{padding:0;margin:0;line-height:1}.elementor-widget-heading .elementor-heading-title[class*=elementor-size-]>a{color:inherit;font-size:inherit;line-height:inherit}.elementor-widget-heading .elementor-heading-title.elementor-size-small{font-size:15px}.elementor-widget-heading .elementor-heading-title.elementor-size-medium{font-size:19px}.elementor-widget-heading .elementor-heading-title.elementor-size-large{font-size:29px}.elementor-widget-heading .elementor-heading-title.elementor-size-xl{font-size:39px}.elementor-widget-heading .elementor-heading-title.elementor-size-xxl{font-size:59px}<\/style><h2 class=\"elementor-heading-title elementor-size-default\">Produ\u00e7\u00e3o Animal<\/h2>\t\t<\/div>\n\t\t\t\t<\/div>\n\t\t\t\t<div class=\"elementor-element elementor-element-7cde591 project-box-cont elementor-widget__width-initial elementor-widget-tablet__width-inherit elementor-widget-mobile__width-inherit elementor-widget elementor-widget-text-editor\" data-id=\"7cde591\" data-element_type=\"widget\" data-widget_type=\"text-editor.default\">\n\t\t\t\t<div class=\"elementor-widget-container\">\n\t\t\t\t\t\t\t<p>Planeamento agropecu\u00e1rio;<\/p><p>Gest\u00e3o Zoot\u00e9cnica da propriedade;<\/p><p>Projetos de Instala\u00e7\u00f5es agropecu\u00e1rias;<\/p><p>Produ\u00e7\u00e3o Pecu\u00e1ria Biol\u00f3gica;<\/p><p>Bovinocultura de leite e de corte;<\/p><p>Avicultura de postura e de corte;<\/p><p>Ovinocultura e caprinocultura;<\/p><p>Apicultura;<\/p><p>Servi\u00e7os Veterin\u00e1rios;<\/p>\t\t\t\t\t\t<\/div>\n\t\t\t\t<\/div>\n\t\t\t\t<div class=\"elementor-element elementor-element-bb423f1 elementor-align-center project-button elementor-absolute animated-fast elementor-widget__width-auto elementor-invisible elementor-widget elementor-widget-button\" data-id=\"bb423f1\" data-element_type=\"widget\" data-settings=\"{&quot;_position&quot;:&quot;absolute&quot;,&quot;_animation&quot;:&quot;fadeIn&quot;}\" data-widget_type=\"button.default\">\n\t\t\t\t<div class=\"elementor-widget-container\">\n\t\t\t\t\t<div class=\"elementor-button-wrapper\">\n\t\t\t<a class=\"elementor-button elementor-button-link elementor-size-sm\" href=\"#\">\n\t\t\t\t\t\t<span class=\"elementor-button-content-wrapper\">\n\t\t\t\t\t\t<span class=\"elementor-button-text\">Read More<\/span>\n\t\t<\/span>\n\t\t\t\t\t<\/a>\n\t\t<\/div>\n\t\t\t\t<\/div>\n\t\t\t\t<\/div>\n\t\t\t\t\t<\/div>\n\t\t<\/div>\n\t\t\t\t<div class=\"elementor-column elementor-col-33 elementor-inner-column elementor-element elementor-element-a2bd84c project-box\" data-id=\"a2bd84c\" data-element_type=\"column\">\n\t\t\t<div class=\"elementor-widget-wrap elementor-element-populated\">\n\t\t\t\t\t\t<div class=\"elementor-element elementor-element-53a7429 animated-slow elementor-invisible elementor-widget elementor-widget-image\" data-id=\"53a7429\" data-element_type=\"widget\" data-settings=\"{&quot;_animation&quot;:&quot;zoomIn&quot;,&quot;_animation_delay&quot;:250}\" data-widget_type=\"image.default\">\n\t\t\t\t<div class=\"elementor-widget-container\">\n\t\t\t\t\t\t\t\t\t\t\t\t\t\t<a href=\"#\">\n\t\t\t\t\t\t\t<img decoding=\"async\" width=\"1000\" height=\"1000\" src=\"https:\/\/besafegroup.cv\/wp-content\/uploads\/2024\/03\/besafe_projet_imagem_site_04.png\" class=\"attachment-large size-large wp-image-1270\" alt=\"\" srcset=\"https:\/\/besafegroup.cv\/wp-content\/uploads\/2024\/03\/besafe_projet_imagem_site_04.png 1000w, https:\/\/besafegroup.cv\/wp-content\/uploads\/2024\/03\/besafe_projet_imagem_site_04-300x300.png 300w, https:\/\/besafegroup.cv\/wp-content\/uploads\/2024\/03\/besafe_projet_imagem_site_04-150x150.png 150w, https:\/\/besafegroup.cv\/wp-content\/uploads\/2024\/03\/besafe_projet_imagem_site_04-768x768.png 768w\" sizes=\"(max-width: 1000px) 100vw, 1000px\" \/>\t\t\t\t\t\t\t\t<\/a>\n\t\t\t\t\t\t\t\t\t\t\t\t\t<\/div>\n\t\t\t\t<\/div>\n\t\t\t\t<div class=\"elementor-element elementor-element-0d6f13f elementor-widget elementor-widget-heading\" data-id=\"0d6f13f\" data-element_type=\"widget\" data-widget_type=\"heading.default\">\n\t\t\t\t<div class=\"elementor-widget-container\">\n\t\t\t<h2 class=\"elementor-heading-title elementor-size-default\">Pesca e Aquicultura <\/h2>\t\t<\/div>\n\t\t\t\t<\/div>\n\t\t\t\t<div class=\"elementor-element elementor-element-54e5061 project-box-cont elementor-widget__width-initial elementor-widget-tablet__width-inherit elementor-widget-mobile__width-inherit elementor-widget elementor-widget-text-editor\" data-id=\"54e5061\" data-element_type=\"widget\" data-widget_type=\"text-editor.default\">\n\t\t\t\t<div class=\"elementor-widget-container\">\n\t\t\t\t\t\t\t<p>Estudo de viabilidade para projetos de pesca;<\/p><p>Projetos aqu\u00edcolas e plantas para processamento de pescado;<\/p><p>Consultoria para aquisi\u00e7\u00e3o de equipamentos para pesca, processamento de pescado e gest\u00e3o de stock;<\/p><p>Manuten\u00e7\u00e3o da qualidade da \u00e1gua;<\/p><p>Inspe\u00e7\u00e3o t\u00e9cnica de pescados, peixarias e estabelecimentos aqu\u00edcolas;<\/p>\t\t\t\t\t\t<\/div>\n\t\t\t\t<\/div>\n\t\t\t\t<div class=\"elementor-element elementor-element-a46ec3f elementor-align-center project-button elementor-absolute animated-fast elementor-widget__width-auto elementor-invisible elementor-widget elementor-widget-button\" data-id=\"a46ec3f\" data-element_type=\"widget\" data-settings=\"{&quot;_position&quot;:&quot;absolute&quot;,&quot;_animation&quot;:&quot;fadeIn&quot;}\" data-widget_type=\"button.default\">\n\t\t\t\t<div class=\"elementor-widget-container\">\n\t\t\t\t\t<div class=\"elementor-button-wrapper\">\n\t\t\t<a class=\"elementor-button elementor-button-link elementor-size-sm\" href=\"#\">\n\t\t\t\t\t\t<span class=\"elementor-button-content-wrapper\">\n\t\t\t\t\t\t<span class=\"elementor-button-text\">Read More<\/span>\n\t\t<\/span>\n\t\t\t\t\t<\/a>\n\t\t<\/div>\n\t\t\t\t<\/div>\n\t\t\t\t<\/div>\n\t\t\t\t\t<\/div>\n\t\t<\/div>\n\t\t\t\t<div class=\"elementor-column elementor-col-33 elementor-inner-column elementor-element elementor-element-084e07f project-box\" data-id=\"084e07f\" data-element_type=\"column\">\n\t\t\t<div class=\"elementor-widget-wrap elementor-element-populated\">\n\t\t\t\t\t\t<div class=\"elementor-element elementor-element-86f5d45 animated-slow elementor-invisible elementor-widget elementor-widget-image\" data-id=\"86f5d45\" data-element_type=\"widget\" data-settings=\"{&quot;_animation&quot;:&quot;zoomIn&quot;,&quot;_animation_delay&quot;:500}\" data-widget_type=\"image.default\">\n\t\t\t\t<div class=\"elementor-widget-container\">\n\t\t\t\t\t\t\t\t\t\t\t\t\t\t<a href=\"#\">\n\t\t\t\t\t\t\t<img decoding=\"async\" width=\"1000\" height=\"1000\" src=\"https:\/\/besafegroup.cv\/wp-content\/uploads\/2024\/03\/besafe_projet_imagem_site_03.png\" class=\"attachment-large size-large wp-image-1148\" alt=\"\" srcset=\"https:\/\/besafegroup.cv\/wp-content\/uploads\/2024\/03\/besafe_projet_imagem_site_03.png 1000w, https:\/\/besafegroup.cv\/wp-content\/uploads\/2024\/03\/besafe_projet_imagem_site_03-300x300.png 300w, https:\/\/besafegroup.cv\/wp-content\/uploads\/2024\/03\/besafe_projet_imagem_site_03-150x150.png 150w, https:\/\/besafegroup.cv\/wp-content\/uploads\/2024\/03\/besafe_projet_imagem_site_03-768x768.png 768w\" sizes=\"(max-width: 1000px) 100vw, 1000px\" \/>\t\t\t\t\t\t\t\t<\/a>\n\t\t\t\t\t\t\t\t\t\t\t\t\t<\/div>\n\t\t\t\t<\/div>\n\t\t\t\t<div class=\"elementor-element elementor-element-b2a1a47 elementor-widget elementor-widget-heading\" data-id=\"b2a1a47\" data-element_type=\"widget\" data-widget_type=\"heading.default\">\n\t\t\t\t<div class=\"elementor-widget-container\">\n\t\t\t<h2 class=\"elementor-heading-title elementor-size-default\">Produ\u00e7\u00e3o Agr\u00edcola <\/h2>\t\t<\/div>\n\t\t\t\t<\/div>\n\t\t\t\t<div class=\"elementor-element elementor-element-70cce28 project-box-cont elementor-widget__width-initial elementor-widget-tablet__width-inherit elementor-widget-mobile__width-inherit elementor-widget elementor-widget-text-editor\" data-id=\"70cce28\" data-element_type=\"widget\" data-widget_type=\"text-editor.default\">\n\t\t\t\t<div class=\"elementor-widget-container\">\n\t\t\t\t\t\t\t<p>Elabora\u00e7\u00e3o e implementa\u00e7\u00e3o de neg\u00f3cios agr\u00edcolas;<\/p><p>Diagn\u00f3stico t\u00e9cnico\/financeiro;<\/p><p>Assist\u00eancia t\u00e9cnica em unidades de produ\u00e7\u00e3o;<\/p><p>Desenvolvimento de Redes de Distribui\u00e7\u00e3o;<\/p><p>Controlo de Pragas;<\/p><p>Avalia\u00e7\u00e3o t\u00e9cnica de terrenos;<\/p><p>Fertilidade do solo.<\/p>\t\t\t\t\t\t<\/div>\n\t\t\t\t<\/div>\n\t\t\t\t<div class=\"elementor-element elementor-element-72b0756 elementor-align-center project-button elementor-absolute animated-fast elementor-widget__width-auto elementor-invisible elementor-widget elementor-widget-button\" data-id=\"72b0756\" data-element_type=\"widget\" data-settings=\"{&quot;_position&quot;:&quot;absolute&quot;,&quot;_animation&quot;:&quot;fadeIn&quot;}\" data-widget_type=\"button.default\">\n\t\t\t\t<div class=\"elementor-widget-container\">\n\t\t\t\t\t<div class=\"elementor-button-wrapper\">\n\t\t\t<a class=\"elementor-button elementor-button-link elementor-size-sm\" href=\"#\">\n\t\t\t\t\t\t<span class=\"elementor-button-content-wrapper\">\n\t\t\t\t\t\t<span class=\"elementor-button-text\">Read More<\/span>\n\t\t<\/span>\n\t\t\t\t\t<\/a>\n\t\t<\/div>\n\t\t\t\t<\/div>\n\t\t\t\t<\/div>\n\t\t\t\t\t<\/div>\n\t\t<\/div>\n\t\t\t\t\t<\/div>\n\t\t<\/section>\n\t\t\t\t\t<\/div>\n\t\t<\/div>\n\t\t\t\t\t<\/div>\n\t\t<\/section>\n\t\t\t\t<\/div>\n\t\t","protected":false},"excerpt":{"rendered":"<p>A AGRO SAFE atua no ramo da agricultura, pecu\u00e1ria, pesca e aquicultura, desenvolvendo projetos, auxiliando o produtor no aumento da produtividade, gerando renda, promovendo oportunidade de emprego e qualidade de vida. Produ\u00e7\u00e3o Animal Planeamento agropecu\u00e1rio; Gest\u00e3o Zoot\u00e9cnica da propriedade; Projetos de Instala\u00e7\u00f5es agropecu\u00e1rias; Produ\u00e7\u00e3o Pecu\u00e1ria Biol\u00f3gica; Bovinocultura de leite e de corte; Avicultura de postura<br \/><a class=\"moretag\" href=\"https:\/\/besafegroup.cv\/?page_id=14\">+ Read More<\/a><\/p>\n","protected":false},"author":1,"featured_media":0,"parent":0,"menu_order":0,"comment_status":"closed","ping_status":"closed","template":"templates\/page-fullwidth_template.php","meta":{"footnotes":""},"class_list":["post-14","page","type-page","status-publish","hentry"],"_links":{"self":[{"href":"https:\/\/besafegroup.cv\/index.php?rest_route=\/wp\/v2\/pages\/14","targetHints":{"allow":["GET"]}}],"collection":[{"href":"https:\/\/besafegroup.cv\/index.php?rest_route=\/wp\/v2\/pages"}],"about":[{"href":"https:\/\/besafegroup.cv\/index.php?rest_route=\/wp\/v2\/types\/page"}],"author":[{"embeddable":true,"href":"https:\/\/besafegroup.cv\/index.php?rest_route=\/wp\/v2\/users\/1"}],"replies":[{"embeddable":true,"href":"https:\/\/besafegroup.cv\/index.php?rest_route=%2Fwp%2Fv2%2Fcomments&post=14"}],"version-history":[{"count":9,"href":"https:\/\/besafegroup.cv\/index.php?rest_route=\/wp\/v2\/pages\/14\/revisions"}],"predecessor-version":[{"id":1540,"href":"https:\/\/besafegroup.cv\/index.php?rest_route=\/wp\/v2\/pages\/14\/revisions\/1540"}],"wp:attachment":[{"href":"https:\/\/besafegroup.cv\/index.php?rest_route=%2Fwp%2Fv2%2Fmedia&parent=14"}],"curies":[{"name":"wp","href":"https:\/\/api.w.org\/{rel}","templated":true}]}}