{"id":20,"date":"2024-02-21T00:52:11","date_gmt":"2024-02-21T00:52:11","guid":{"rendered":"https:\/\/besafegroup.cv\/?page_id=20"},"modified":"2024-04-17T16:31:16","modified_gmt":"2024-04-17T16:31:16","slug":"be-safe","status":"publish","type":"page","link":"https:\/\/besafegroup.cv\/?page_id=20","title":{"rendered":"BE SAFE"},"content":{"rendered":"\t\t<div data-elementor-type=\"wp-page\" data-elementor-id=\"20\" class=\"elementor elementor-20\" data-elementor-post-type=\"page\">\n\t\t\t\t\t\t<section class=\"elementor-section elementor-inner-section elementor-element elementor-element-d203b8e elementor-section-boxed elementor-section-height-default elementor-section-height-default\" data-id=\"d203b8e\" data-element_type=\"section\">\n\t\t\t\t\t\t<div class=\"elementor-container elementor-column-gap-default\">\n\t\t\t\t\t<div class=\"elementor-column elementor-col-100 elementor-inner-column elementor-element elementor-element-385630e animated-slow small-steps-section elementor-invisible\" data-id=\"385630e\" data-element_type=\"column\" data-settings=\"{&quot;animation&quot;:&quot;fadeInRight&quot;}\">\n\t\t\t<div class=\"elementor-widget-wrap elementor-element-populated\">\n\t\t\t\t\t\t<div class=\"elementor-element elementor-element-c763df0 elementor-widget__width-initial elementor-widget elementor-widget-text-editor\" data-id=\"c763df0\" data-element_type=\"widget\" data-widget_type=\"text-editor.default\">\n\t\t\t\t<div class=\"elementor-widget-container\">\n\t\t\t<style>\/*! elementor - v3.19.0 - 07-02-2024 *\/\n.elementor-widget-text-editor.elementor-drop-cap-view-stacked .elementor-drop-cap{background-color:#69727d;color:#fff}.elementor-widget-text-editor.elementor-drop-cap-view-framed .elementor-drop-cap{color:#69727d;border:3px solid;background-color:transparent}.elementor-widget-text-editor:not(.elementor-drop-cap-view-default) .elementor-drop-cap{margin-top:8px}.elementor-widget-text-editor:not(.elementor-drop-cap-view-default) .elementor-drop-cap-letter{width:1em;height:1em}.elementor-widget-text-editor .elementor-drop-cap{float:left;text-align:center;line-height:1;font-size:50px}.elementor-widget-text-editor .elementor-drop-cap-letter{display:inline-block}<\/style>\t\t\t\t<p><span lang=\"PT-BR\">A BE SAFE presta servi\u00e7os focados nos setores da industrializa\u00e7\u00e3o\/ transforma\u00e7\u00e3o e comercializa\u00e7\u00e3o de alimentos, agregando valor, qualidade e seguran\u00e7a de alimentos at\u00e9 o consumidor final.<\/span><\/p>\n<p>\u00a0<\/p>\t\t\t\t\t\t<\/div>\n\t\t\t\t<\/div>\n\t\t\t\t\t<\/div>\n\t\t<\/div>\n\t\t\t\t\t<\/div>\n\t\t<\/section>\n\t\t\t\t<section class=\"elementor-section elementor-top-section elementor-element elementor-element-5a3ec62 elementor-section-boxed elementor-section-height-default elementor-section-height-default\" data-id=\"5a3ec62\" data-element_type=\"section\">\n\t\t\t\t\t\t<div class=\"elementor-container elementor-column-gap-default\">\n\t\t\t\t\t<div class=\"elementor-column elementor-col-100 elementor-top-column elementor-element elementor-element-2c8a284\" data-id=\"2c8a284\" data-element_type=\"column\">\n\t\t\t<div class=\"elementor-widget-wrap elementor-element-populated\">\n\t\t\t\t\t\t<section class=\"elementor-section elementor-inner-section elementor-element elementor-element-440a528 elementor-section-boxed elementor-section-height-default elementor-section-height-default\" data-id=\"440a528\" data-element_type=\"section\">\n\t\t\t\t\t\t<div class=\"elementor-container elementor-column-gap-default\">\n\t\t\t\t\t<div class=\"elementor-column elementor-col-33 elementor-inner-column elementor-element elementor-element-d552d1d project-box\" data-id=\"d552d1d\" data-element_type=\"column\">\n\t\t\t<div class=\"elementor-widget-wrap elementor-element-populated\">\n\t\t\t\t\t\t<div class=\"elementor-element elementor-element-fbeaf4d animated-slow elementor-invisible elementor-widget elementor-widget-image\" data-id=\"fbeaf4d\" data-element_type=\"widget\" data-settings=\"{&quot;_animation&quot;:&quot;zoomIn&quot;}\" data-widget_type=\"image.default\">\n\t\t\t\t<div class=\"elementor-widget-container\">\n\t\t\t<style>\/*! elementor - v3.19.0 - 07-02-2024 *\/\n.elementor-widget-image{text-align:center}.elementor-widget-image a{display:inline-block}.elementor-widget-image a img[src$=\".svg\"]{width:48px}.elementor-widget-image img{vertical-align:middle;display:inline-block}<\/style>\t\t\t\t\t\t\t\t\t\t\t<a href=\"https:\/\/besafegroup.cv\/?page_id=14\">\n\t\t\t\t\t\t\t<img fetchpriority=\"high\" decoding=\"async\" width=\"768\" height=\"768\" src=\"https:\/\/besafegroup.cv\/wp-content\/uploads\/2024\/04\/o.jpg\" class=\"attachment-large size-large wp-image-1437\" alt=\"\" srcset=\"https:\/\/besafegroup.cv\/wp-content\/uploads\/2024\/04\/o.jpg 768w, https:\/\/besafegroup.cv\/wp-content\/uploads\/2024\/04\/o-300x300.jpg 300w, https:\/\/besafegroup.cv\/wp-content\/uploads\/2024\/04\/o-150x150.jpg 150w\" sizes=\"(max-width: 768px) 100vw, 768px\" \/>\t\t\t\t\t\t\t\t<\/a>\n\t\t\t\t\t\t\t\t\t\t\t\t\t<\/div>\n\t\t\t\t<\/div>\n\t\t\t\t<div class=\"elementor-element elementor-element-f510e7b elementor-widget elementor-widget-heading\" data-id=\"f510e7b\" data-element_type=\"widget\" data-widget_type=\"heading.default\">\n\t\t\t\t<div class=\"elementor-widget-container\">\n\t\t\t<style>\/*! elementor - v3.19.0 - 07-02-2024 *\/\n.elementor-heading-title{padding:0;margin:0;line-height:1}.elementor-widget-heading .elementor-heading-title[class*=elementor-size-]>a{color:inherit;font-size:inherit;line-height:inherit}.elementor-widget-heading .elementor-heading-title.elementor-size-small{font-size:15px}.elementor-widget-heading .elementor-heading-title.elementor-size-medium{font-size:19px}.elementor-widget-heading .elementor-heading-title.elementor-size-large{font-size:29px}.elementor-widget-heading .elementor-heading-title.elementor-size-xl{font-size:39px}.elementor-widget-heading .elementor-heading-title.elementor-size-xxl{font-size:59px}<\/style><h2 class=\"elementor-heading-title elementor-size-default\">Ind\u00fastria<\/h2>\t\t<\/div>\n\t\t\t\t<\/div>\n\t\t\t\t\t<\/div>\n\t\t<\/div>\n\t\t\t\t<div class=\"elementor-column elementor-col-33 elementor-inner-column elementor-element elementor-element-8c8bea6 project-box\" data-id=\"8c8bea6\" data-element_type=\"column\">\n\t\t\t<div class=\"elementor-widget-wrap elementor-element-populated\">\n\t\t\t\t\t\t<div class=\"elementor-element elementor-element-52818d2 animated-slow elementor-invisible elementor-widget elementor-widget-image\" data-id=\"52818d2\" data-element_type=\"widget\" data-settings=\"{&quot;_animation&quot;:&quot;zoomIn&quot;,&quot;_animation_delay&quot;:250}\" data-widget_type=\"image.default\">\n\t\t\t\t<div class=\"elementor-widget-container\">\n\t\t\t\t\t\t\t\t\t\t\t\t\t\t<a href=\"https:\/\/besafegroup.cv\/?page_id=14\">\n\t\t\t\t\t\t\t<img decoding=\"async\" width=\"768\" height=\"768\" src=\"https:\/\/besafegroup.cv\/wp-content\/uploads\/2024\/04\/3.jpg\" class=\"attachment-large size-large wp-image-1493\" alt=\"\" srcset=\"https:\/\/besafegroup.cv\/wp-content\/uploads\/2024\/04\/3.jpg 768w, https:\/\/besafegroup.cv\/wp-content\/uploads\/2024\/04\/3-300x300.jpg 300w, https:\/\/besafegroup.cv\/wp-content\/uploads\/2024\/04\/3-150x150.jpg 150w\" sizes=\"(max-width: 768px) 100vw, 768px\" \/>\t\t\t\t\t\t\t\t<\/a>\n\t\t\t\t\t\t\t\t\t\t\t\t\t<\/div>\n\t\t\t\t<\/div>\n\t\t\t\t<div class=\"elementor-element elementor-element-c517b83 elementor-widget elementor-widget-heading\" data-id=\"c517b83\" data-element_type=\"widget\" data-widget_type=\"heading.default\">\n\t\t\t\t<div class=\"elementor-widget-container\">\n\t\t\t<h2 class=\"elementor-heading-title elementor-size-default\">Restaura\u00e7\u00e3o<\/h2>\t\t<\/div>\n\t\t\t\t<\/div>\n\t\t\t\t\t<\/div>\n\t\t<\/div>\n\t\t\t\t<div class=\"elementor-column elementor-col-33 elementor-inner-column elementor-element elementor-element-c437011 project-box\" data-id=\"c437011\" data-element_type=\"column\">\n\t\t\t<div class=\"elementor-widget-wrap elementor-element-populated\">\n\t\t\t\t\t\t<div class=\"elementor-element elementor-element-ed37cd4 animated-slow elementor-invisible elementor-widget elementor-widget-image\" data-id=\"ed37cd4\" data-element_type=\"widget\" data-settings=\"{&quot;_animation&quot;:&quot;zoomIn&quot;,&quot;_animation_delay&quot;:500}\" data-widget_type=\"image.default\">\n\t\t\t\t<div class=\"elementor-widget-container\">\n\t\t\t\t\t\t\t\t\t\t\t\t\t\t<a href=\"https:\/\/besafegroup.cv\/?page_id=14\">\n\t\t\t\t\t\t\t<img decoding=\"async\" width=\"768\" height=\"768\" src=\"https:\/\/besafegroup.cv\/wp-content\/uploads\/2024\/04\/ok-5.jpg\" class=\"attachment-large size-large wp-image-1439\" alt=\"\" srcset=\"https:\/\/besafegroup.cv\/wp-content\/uploads\/2024\/04\/ok-5.jpg 768w, https:\/\/besafegroup.cv\/wp-content\/uploads\/2024\/04\/ok-5-300x300.jpg 300w, https:\/\/besafegroup.cv\/wp-content\/uploads\/2024\/04\/ok-5-150x150.jpg 150w\" sizes=\"(max-width: 768px) 100vw, 768px\" \/>\t\t\t\t\t\t\t\t<\/a>\n\t\t\t\t\t\t\t\t\t\t\t\t\t<\/div>\n\t\t\t\t<\/div>\n\t\t\t\t<div class=\"elementor-element elementor-element-1f2fee6 elementor-widget elementor-widget-heading\" data-id=\"1f2fee6\" data-element_type=\"widget\" data-widget_type=\"heading.default\">\n\t\t\t\t<div class=\"elementor-widget-container\">\n\t\t\t<h2 class=\"elementor-heading-title elementor-size-default\">Supermercado<\/h2>\t\t<\/div>\n\t\t\t\t<\/div>\n\t\t\t\t\t<\/div>\n\t\t<\/div>\n\t\t\t\t\t<\/div>\n\t\t<\/section>\n\t\t\t\t\t<\/div>\n\t\t<\/div>\n\t\t\t\t\t<\/div>\n\t\t<\/section>\n\t\t<div class=\"elementor-element elementor-element-27e31627 e-flex e-con-boxed e-con e-parent\" data-id=\"27e31627\" data-element_type=\"container\" data-settings=\"{&quot;content_width&quot;:&quot;boxed&quot;}\" data-core-v316-plus=\"true\">\n\t\t\t\t\t<div class=\"e-con-inner\">\n\t\t\t\t<div class=\"elementor-element elementor-element-4e3dde5a elementor-widget elementor-widget-text-editor\" data-id=\"4e3dde5a\" data-element_type=\"widget\" data-widget_type=\"text-editor.default\">\n\t\t\t\t<div class=\"elementor-widget-container\">\n\t\t\t\t\t\t\t<p><!-- wp:paragraph --><\/p>\n<p><!-- \/wp:paragraph --><\/p>\n<p><!-- wp:heading --><\/p>\n<h2 class=\"wp-block-heading\">\u00c1REA DE ATUA\u00c7\u00c3O DA BE SAFE<\/h2>\n<p><!-- \/wp:heading --><\/p>\n<p><!-- wp:paragraph --><\/p>\n<p>\u2022 Institui\u00e7\u00f5es P\u00fablicas; \u2022 Ind\u00fastrias; \u2022 Cooperativas e unidades de processamento de alimentos; \u2022 Padarias e pastelarias; \u2022 Redes de mini-supermercados; \u2022 Bares e Restaura\u00e7\u00f5es; \u2022 Hot\u00e9is; \u2022 Setor do Servi\u00e7o de alimenta\u00e7\u00e3o &#8211; Estabelecimentos de ensino, prisionais, desportivas, lares, centro infantis.<\/p>\n<p><!-- \/wp:paragraph --><\/p>\n<p><!-- wp:heading --><\/p>\n<h2 class=\"wp-block-heading\">SERVI\u00c7OS DA BE SAFE<\/h2>\n<p><!-- \/wp:heading --><\/p>\n<p><!-- wp:paragraph --><\/p>\n<p><strong>1. Elabora\u00e7\u00e3o\/Implementa\u00e7\u00e3o:<\/strong><\/p>\n<p><!-- \/wp:paragraph --><\/p>\n<p><!-- wp:paragraph --><\/p>\n<p>\u2022 Programa de Pr\u00e9-requisitos (PPR\u2019S): \u2013 Boas Pr\u00e1ticas de Fabrica\u00e7\u00e3o (BPF); \u2013 Procedimentos Padr\u00e3o de Higiene Operacional (PPHO).<\/p>\n<p><!-- \/wp:paragraph --><\/p>\n<p><!-- wp:paragraph --><\/p>\n<p>\u2022 Elabora\u00e7\u00e3o e implementa\u00e7\u00e3o do sistema HACCP (Hazard Analysis and Critical Control Point \/ An\u00e1lises de Perigos e Controlo de Pontos Cr\u00edticos);<\/p>\n<p><!-- \/wp:paragraph --><\/p>\n<p><!-- wp:paragraph --><\/p>\n<p>\u2022 Implementa\u00e7\u00e3o do sistema de gest\u00e3o da seguran\u00e7a de alimentos &#8211; ISO 22000;<\/p>\n<p><!-- \/wp:paragraph --><\/p>\n<p><!-- wp:paragraph --><\/p>\n<p>\u2022 Rotulagem de alimentos;<\/p>\n<p><!-- \/wp:paragraph --><\/p>\n<p><!-- wp:paragraph --><\/p>\n<p>\u2022 Programa de gest\u00e3o de fornecedores;<\/p>\n<p><!-- \/wp:paragraph --><\/p>\n<p><!-- wp:paragraph --><\/p>\n<p>\u2022 Programa de controlo de pragas;<\/p>\n<p><!-- \/wp:paragraph --><\/p>\n<p><!-- wp:paragraph --><\/p>\n<p>\u2022 Programa de gest\u00e3o de riscos;<\/p>\n<p><!-- \/wp:paragraph --><\/p>\n<p><!-- wp:paragraph --><\/p>\n<p>\u2022 Estudos de vida de prateleira;<\/p>\n<p><!-- \/wp:paragraph --><\/p>\n<p><!-- wp:paragraph --><\/p>\n<p>\u2022 Parecer t\u00e9cnico;<\/p>\n<p><!-- \/wp:paragraph --><\/p>\n<p><!-- wp:paragraph --><\/p>\n<p>\u2022 Fichas t\u00e9cnicas e Especifica\u00e7\u00e3o de produtos.<\/p>\n<p><!-- \/wp:paragraph --><\/p>\n<p><!-- wp:paragraph --><\/p>\n<p><strong>2. Assuntos Regulat\u00f3rios e Documentais:<\/strong><\/p>\n<p><!-- \/wp:paragraph --><\/p>\n<p><!-- wp:paragraph --><\/p>\n<p>\u2022 Assessoria t\u00e9cnica na abertura do estabelecimento e suporte nas tramita\u00e7\u00f5es documentais;<\/p>\n<p><!-- \/wp:paragraph --><\/p>\n<p><!-- wp:paragraph --><\/p>\n<p>\u2022 Consulta, pesquisa e interpreta\u00e7\u00e3o de legisla\u00e7\u00f5es nacionais e internacionais;<\/p>\n<p><!-- \/wp:paragraph --><\/p>\n<p><!-- wp:paragraph --><\/p>\n<p>\u2022 Assist\u00eancia t\u00e9cnica para certifica\u00e7\u00e3o de servi\u00e7os e produtos.<\/p>\n<p><!-- \/wp:paragraph --><\/p>\n<p><!-- wp:paragraph --><\/p>\n<p><strong>3. Auditoria;<\/strong><\/p>\n<p><!-- \/wp:paragraph --><\/p>\n<p><!-- wp:paragraph --><\/p>\n<p><strong>4. Supervis\u00e3o e acompanhamento t\u00e9cnico;<\/strong><\/p>\n<p><!-- \/wp:paragraph --><\/p>\n<p><!-- wp:paragraph --><\/p>\n<p><strong>5.Treinamentos, capacita\u00e7\u00e3o t\u00e9cnica, forma\u00e7\u00e3o e assist\u00eancia t\u00e9cnica em toda cadeia de alimentos;<\/strong><\/p>\n<p><!-- \/wp:paragraph --><\/p>\n<p><!-- wp:paragraph --><\/p>\n<p><strong>6. Elabora\u00e7\u00e3o do plano de neg\u00f3cio e estudo de viabilidade econ\u00f3mica e financeira;<\/strong><\/p>\n<p><!-- \/wp:paragraph --><\/p>\n<p><!-- wp:paragraph --><\/p>\n<p><strong>7.Assessoria para certifica\u00e7\u00e3o de servi\u00e7os e produtos;<\/strong><\/p>\n<p><!-- \/wp:paragraph --><\/p>\n<p><!-- wp:paragraph --><\/p>\n<p><strong>8. Assessoria no processo de exporta\u00e7\u00e3o &#8211; Regime normal e processo AGOA.<\/strong><\/p>\n<p><!-- \/wp:paragraph --><\/p>\t\t\t\t\t\t<\/div>\n\t\t\t\t<\/div>\n\t\t\t\t\t<\/div>\n\t\t\t\t<\/div>\n\t\t\t\t<\/div>\n\t\t","protected":false},"excerpt":{"rendered":"<p>A BE SAFE presta servi\u00e7os focados nos setores da industrializa\u00e7\u00e3o\/ transforma\u00e7\u00e3o e comercializa\u00e7\u00e3o de alimentos, agregando valor, qualidade e seguran\u00e7a de alimentos at\u00e9 o consumidor final. \u00a0 Ind\u00fastria Restaura\u00e7\u00e3o Supermercado \u00c1REA DE ATUA\u00c7\u00c3O DA BE SAFE \u2022 Institui\u00e7\u00f5es P\u00fablicas; \u2022 Ind\u00fastrias; \u2022 Cooperativas e unidades de processamento de alimentos; \u2022 Padarias e pastelarias; \u2022 Redes<br \/><a class=\"moretag\" href=\"https:\/\/besafegroup.cv\/?page_id=20\">+ Read More<\/a><\/p>\n","protected":false},"author":1,"featured_media":0,"parent":0,"menu_order":0,"comment_status":"closed","ping_status":"closed","template":"templates\/page-fullwidth_template.php","meta":{"footnotes":""},"class_list":["post-20","page","type-page","status-publish","hentry"],"_links":{"self":[{"href":"https:\/\/besafegroup.cv\/index.php?rest_route=\/wp\/v2\/pages\/20","targetHints":{"allow":["GET"]}}],"collection":[{"href":"https:\/\/besafegroup.cv\/index.php?rest_route=\/wp\/v2\/pages"}],"about":[{"href":"https:\/\/besafegroup.cv\/index.php?rest_route=\/wp\/v2\/types\/page"}],"author":[{"embeddable":true,"href":"https:\/\/besafegroup.cv\/index.php?rest_route=\/wp\/v2\/users\/1"}],"replies":[{"embeddable":true,"href":"https:\/\/besafegroup.cv\/index.php?rest_route=%2Fwp%2Fv2%2Fcomments&post=20"}],"version-history":[{"count":23,"href":"https:\/\/besafegroup.cv\/index.php?rest_route=\/wp\/v2\/pages\/20\/revisions"}],"predecessor-version":[{"id":1553,"href":"https:\/\/besafegroup.cv\/index.php?rest_route=\/wp\/v2\/pages\/20\/revisions\/1553"}],"wp:attachment":[{"href":"https:\/\/besafegroup.cv\/index.php?rest_route=%2Fwp%2Fv2%2Fmedia&parent=20"}],"curies":[{"name":"wp","href":"https:\/\/api.w.org\/{rel}","templated":true}]}}