{"id":9,"date":"2024-02-21T00:42:10","date_gmt":"2024-02-21T00:42:10","guid":{"rendered":"https:\/\/besafegroup.cv\/?page_id=9"},"modified":"2024-04-09T10:51:15","modified_gmt":"2024-04-09T10:51:15","slug":"conheca-a-be-safe-group","status":"publish","type":"page","link":"https:\/\/besafegroup.cv\/?page_id=9","title":{"rendered":"BE SAFE GROUP"},"content":{"rendered":"\t\t<div data-elementor-type=\"wp-page\" data-elementor-id=\"9\" class=\"elementor elementor-9\" data-elementor-post-type=\"page\">\n\t\t\t\t<div class=\"elementor-element elementor-element-20baa873 e-flex e-con-boxed e-con e-parent\" data-id=\"20baa873\" data-element_type=\"container\" data-settings=\"{&quot;content_width&quot;:&quot;boxed&quot;}\" data-core-v316-plus=\"true\">\n\t\t\t\t\t<div class=\"e-con-inner\">\n\t\t\t\t<div class=\"elementor-element elementor-element-924bc6b elementor-widget elementor-widget-text-editor\" data-id=\"924bc6b\" data-element_type=\"widget\" data-widget_type=\"text-editor.default\">\n\t\t\t\t<div class=\"elementor-widget-container\">\n\t\t\t<style>\/*! elementor - v3.19.0 - 07-02-2024 *\/\n.elementor-widget-text-editor.elementor-drop-cap-view-stacked .elementor-drop-cap{background-color:#69727d;color:#fff}.elementor-widget-text-editor.elementor-drop-cap-view-framed .elementor-drop-cap{color:#69727d;border:3px solid;background-color:transparent}.elementor-widget-text-editor:not(.elementor-drop-cap-view-default) .elementor-drop-cap{margin-top:8px}.elementor-widget-text-editor:not(.elementor-drop-cap-view-default) .elementor-drop-cap-letter{width:1em;height:1em}.elementor-widget-text-editor .elementor-drop-cap{float:left;text-align:center;line-height:1;font-size:50px}.elementor-widget-text-editor .elementor-drop-cap-letter{display:inline-block}<\/style>\t\t\t\t<p><!-- wp:paragraph --><\/p>\n<p><img fetchpriority=\"high\" decoding=\"async\" width=\"1024\" height=\"436\" class=\"wp-image-10\" style=\"color: var( --e-global-color-text ); font-family: var( --e-global-typography-text-font-family ), Sans-serif; font-weight: var( --e-global-typography-text-font-weight ); text-align: var(--text-align);\" src=\"https:\/\/besafegroup.cv\/wp-content\/uploads\/2024\/02\/img_besafe_01-1024x436.png\" alt=\"\" srcset=\"https:\/\/besafegroup.cv\/wp-content\/uploads\/2024\/02\/img_besafe_01-1024x436.png 1024w, https:\/\/besafegroup.cv\/wp-content\/uploads\/2024\/02\/img_besafe_01-300x128.png 300w, https:\/\/besafegroup.cv\/wp-content\/uploads\/2024\/02\/img_besafe_01-768x327.png 768w, https:\/\/besafegroup.cv\/wp-content\/uploads\/2024\/02\/img_besafe_01-1536x654.png 1536w, https:\/\/besafegroup.cv\/wp-content\/uploads\/2024\/02\/img_besafe_01.png 1741w\" sizes=\"(max-width: 1024px) 100vw, 1024px\" \/><\/p>\n<p>A BE SAFE GROUP \u00e9 uma rede de tr\u00eas empresas que oferecem servi\u00e7os diferenciados em toda cadeia de alimentos e sustentabilidade ambiental, atrav\u00e9s da AGRO SAFE &#8211; Agricultura, Pecu\u00e1ria e Pesca, BE SAFE &#8211; Transforma\u00e7\u00e3o, Comercializa\u00e7\u00e3o de alimentos e GREEN SAFE &#8211; Energia, Ambiente e Turismo Sustent\u00e1vel.<\/p>\n<p>\u00a0<\/p>\n<p>\u00c9 especializada em servi\u00e7os de auditoria, consultoria e assist\u00eancia t\u00e9cnica nas diversas \u00e1reas do agroneg\u00f3cio, gest\u00e3o de qualidade, turismo e sustentabilidade ambiental, para micro, pequenas, m\u00e9dias e grandes empresas.<\/p>\n<p><!-- \/wp:image --><!-- wp:paragraph --><!-- \/wp:paragraph --><\/p>\t\t\t\t\t\t<\/div>\n\t\t\t\t<\/div>\n\t\t\t\t\t<\/div>\n\t\t\t\t<\/div>\n\t\t<div class=\"elementor-element elementor-element-e20c1ca e-flex e-con-boxed e-con e-parent\" data-id=\"e20c1ca\" data-element_type=\"container\" data-settings=\"{&quot;content_width&quot;:&quot;boxed&quot;}\" data-core-v316-plus=\"true\">\n\t\t\t\t\t<div class=\"e-con-inner\">\n\t\t\t\t<div class=\"elementor-element elementor-element-10946b2 elementor-widget elementor-widget-image\" data-id=\"10946b2\" data-element_type=\"widget\" data-widget_type=\"image.default\">\n\t\t\t\t<div class=\"elementor-widget-container\">\n\t\t\t<style>\/*! elementor - v3.19.0 - 07-02-2024 *\/\n.elementor-widget-image{text-align:center}.elementor-widget-image a{display:inline-block}.elementor-widget-image a img[src$=\".svg\"]{width:48px}.elementor-widget-image img{vertical-align:middle;display:inline-block}<\/style>\t\t\t\t\t\t\t\t\t\t<img decoding=\"async\" width=\"150\" height=\"150\" src=\"https:\/\/besafegroup.cv\/wp-content\/uploads\/2024\/03\/Missao_icon_01-150x150.png\" class=\"attachment-thumbnail size-thumbnail wp-image-1208\" alt=\"\" \/>\t\t\t\t\t\t\t\t\t\t\t\t\t<\/div>\n\t\t\t\t<\/div>\n\t\t<div class=\"elementor-element elementor-element-22a6058 e-con-full e-flex e-con e-child\" data-id=\"22a6058\" data-element_type=\"container\" data-settings=\"{&quot;content_width&quot;:&quot;full&quot;}\">\n\t\t\t\t<div class=\"elementor-element elementor-element-9361a5b elementor-widget elementor-widget-heading\" data-id=\"9361a5b\" data-element_type=\"widget\" data-widget_type=\"heading.default\">\n\t\t\t\t<div class=\"elementor-widget-container\">\n\t\t\t<style>\/*! elementor - v3.19.0 - 07-02-2024 *\/\n.elementor-heading-title{padding:0;margin:0;line-height:1}.elementor-widget-heading .elementor-heading-title[class*=elementor-size-]>a{color:inherit;font-size:inherit;line-height:inherit}.elementor-widget-heading .elementor-heading-title.elementor-size-small{font-size:15px}.elementor-widget-heading .elementor-heading-title.elementor-size-medium{font-size:19px}.elementor-widget-heading .elementor-heading-title.elementor-size-large{font-size:29px}.elementor-widget-heading .elementor-heading-title.elementor-size-xl{font-size:39px}.elementor-widget-heading .elementor-heading-title.elementor-size-xxl{font-size:59px}<\/style><h2 class=\"elementor-heading-title elementor-size-default\">Miss\u00e3o<\/h2>\t\t<\/div>\n\t\t\t\t<\/div>\n\t\t\t\t<div class=\"elementor-element elementor-element-144c1b1 elementor-widget elementor-widget-text-editor\" data-id=\"144c1b1\" data-element_type=\"widget\" data-widget_type=\"text-editor.default\">\n\t\t\t\t<div class=\"elementor-widget-container\">\n\t\t\t\t\t\t\t<p><!-- \/wp:paragraph --><!-- wp:paragraph --><\/p>\n<p>Oferecer ao mercado nacional e internacional solu\u00e7\u00f5es seguras e personalizadas de consultoria para toda a cadeia de alimentos, turismo e sustentabilidade ambiental.<\/p>\t\t\t\t\t\t<\/div>\n\t\t\t\t<\/div>\n\t\t\t\t<\/div>\n\t\t\t\t\t<\/div>\n\t\t\t\t<\/div>\n\t\t<div class=\"elementor-element elementor-element-221d30d e-flex e-con-boxed e-con e-parent\" data-id=\"221d30d\" data-element_type=\"container\" data-settings=\"{&quot;content_width&quot;:&quot;boxed&quot;}\" data-core-v316-plus=\"true\">\n\t\t\t\t\t<div class=\"e-con-inner\">\n\t\t\t\t<div class=\"elementor-element elementor-element-981c8b0 elementor-widget elementor-widget-image\" data-id=\"981c8b0\" data-element_type=\"widget\" data-widget_type=\"image.default\">\n\t\t\t\t<div class=\"elementor-widget-container\">\n\t\t\t\t\t\t\t\t\t\t\t\t\t<img decoding=\"async\" width=\"150\" height=\"150\" src=\"https:\/\/besafegroup.cv\/wp-content\/uploads\/2024\/03\/Visao_Icon_01-150x150.png\" class=\"attachment-thumbnail size-thumbnail wp-image-1212\" alt=\"\" \/>\t\t\t\t\t\t\t\t\t\t\t\t\t<\/div>\n\t\t\t\t<\/div>\n\t\t<div class=\"elementor-element elementor-element-0be57b6 e-con-full e-flex e-con e-child\" data-id=\"0be57b6\" data-element_type=\"container\" data-settings=\"{&quot;content_width&quot;:&quot;full&quot;}\">\n\t\t\t\t<div class=\"elementor-element elementor-element-6ff35ff elementor-widget elementor-widget-heading\" data-id=\"6ff35ff\" data-element_type=\"widget\" data-widget_type=\"heading.default\">\n\t\t\t\t<div class=\"elementor-widget-container\">\n\t\t\t<h2 class=\"elementor-heading-title elementor-size-default\">Vis\u00e3o<\/h2>\t\t<\/div>\n\t\t\t\t<\/div>\n\t\t\t\t<div class=\"elementor-element elementor-element-408d644 elementor-widget elementor-widget-text-editor\" data-id=\"408d644\" data-element_type=\"widget\" data-widget_type=\"text-editor.default\">\n\t\t\t\t<div class=\"elementor-widget-container\">\n\t\t\t\t\t\t\t<p><!-- \/wp:paragraph --><!-- wp:paragraph --><\/p>\n<p>Ser reconhecida como empresa l\u00edder de consultoria na cadeia de alimentos, turismo e ambiente, pela excel\u00eancia dos servi\u00e7os prestados, no relacionamento com o cliente e na contribui\u00e7\u00e3o para o desenvolvimento sustent\u00e1vel.<\/p>\t\t\t\t\t\t<\/div>\n\t\t\t\t<\/div>\n\t\t\t\t<\/div>\n\t\t\t\t\t<\/div>\n\t\t\t\t<\/div>\n\t\t<div class=\"elementor-element elementor-element-5211674 e-flex e-con-boxed e-con e-parent\" data-id=\"5211674\" data-element_type=\"container\" data-settings=\"{&quot;content_width&quot;:&quot;boxed&quot;}\" data-core-v316-plus=\"true\">\n\t\t\t\t\t<div class=\"e-con-inner\">\n\t\t\t\t<div class=\"elementor-element elementor-element-6d503aa elementor-widget elementor-widget-image\" data-id=\"6d503aa\" data-element_type=\"widget\" data-widget_type=\"image.default\">\n\t\t\t\t<div class=\"elementor-widget-container\">\n\t\t\t\t\t\t\t\t\t\t\t\t\t<img loading=\"lazy\" decoding=\"async\" width=\"150\" height=\"150\" src=\"https:\/\/besafegroup.cv\/wp-content\/uploads\/2024\/03\/Valores_Icon_01-150x150.png\" class=\"attachment-thumbnail size-thumbnail wp-image-1213\" alt=\"\" \/>\t\t\t\t\t\t\t\t\t\t\t\t\t<\/div>\n\t\t\t\t<\/div>\n\t\t<div class=\"elementor-element elementor-element-d797dfd e-con-full e-flex e-con e-child\" data-id=\"d797dfd\" data-element_type=\"container\" data-settings=\"{&quot;content_width&quot;:&quot;full&quot;}\">\n\t\t\t\t<div class=\"elementor-element elementor-element-690217a elementor-widget elementor-widget-heading\" data-id=\"690217a\" data-element_type=\"widget\" data-widget_type=\"heading.default\">\n\t\t\t\t<div class=\"elementor-widget-container\">\n\t\t\t<h2 class=\"elementor-heading-title elementor-size-default\">Valores<\/h2>\t\t<\/div>\n\t\t\t\t<\/div>\n\t\t\t\t<div class=\"elementor-element elementor-element-863b6e7 elementor-widget elementor-widget-text-editor\" data-id=\"863b6e7\" data-element_type=\"widget\" data-widget_type=\"text-editor.default\">\n\t\t\t\t<div class=\"elementor-widget-container\">\n\t\t\t\t\t\t\t<p><!-- \/wp:paragraph --><!-- wp:paragraph --><\/p>\n<p><!-- \/wp:paragraph --><!-- wp:paragraph --><\/p>\n<p>Os servi\u00e7os da BE SAFE GROUP s\u00e3o suportados pela \u00e9tica, compet\u00eancia, comprometimento, transpar\u00eancia e confian\u00e7a.<\/p>\n<p><!-- \/wp:paragraph --><!-- wp:paragraph --><\/p>\n<p>Comprometida com a otimiza\u00e7\u00e3o dos resultados, a BE SAFE GROUP dedica-se na melhoria de processos e pr\u00e1ticas operacionais, corrigindo, impulsionando e agregando valor \u00e0 cadeia produtiva de alimentos, bem como a gest\u00e3o ambiental e prote\u00e7\u00e3o do meio ambiente.<\/p>\t\t\t\t\t\t<\/div>\n\t\t\t\t<\/div>\n\t\t\t\t<\/div>\n\t\t\t\t\t<\/div>\n\t\t\t\t<\/div>\n\t\t<div class=\"elementor-element elementor-element-aed025a e-flex e-con-boxed e-con e-parent\" data-id=\"aed025a\" data-element_type=\"container\" data-settings=\"{&quot;content_width&quot;:&quot;boxed&quot;}\" data-core-v316-plus=\"true\">\n\t\t\t\t\t<div class=\"e-con-inner\">\n\t\t\t\t<div class=\"elementor-element elementor-element-193b081 elementor-widget elementor-widget-heading\" data-id=\"193b081\" data-element_type=\"widget\" data-widget_type=\"heading.default\">\n\t\t\t\t<div class=\"elementor-widget-container\">\n\t\t\t<h2 class=\"elementor-heading-title elementor-size-default\">EQUIPA \nDE<\/h2>\t\t<\/div>\n\t\t\t\t<\/div>\n\t\t\t\t\t<\/div>\n\t\t\t\t<\/div>\n\t\t<div class=\"elementor-element elementor-element-584a41f e-flex e-con-boxed e-con e-parent\" data-id=\"584a41f\" data-element_type=\"container\" data-settings=\"{&quot;content_width&quot;:&quot;boxed&quot;}\" data-core-v316-plus=\"true\">\n\t\t\t\t\t<div class=\"e-con-inner\">\n\t\t\t\t<div class=\"elementor-element elementor-element-91fb4d0 elementor-widget elementor-widget-heading\" data-id=\"91fb4d0\" data-element_type=\"widget\" data-widget_type=\"heading.default\">\n\t\t\t\t<div class=\"elementor-widget-container\">\n\t\t\t<h2 class=\"elementor-heading-title elementor-size-default\">LIDERAN\u00c7A<\/h2>\t\t<\/div>\n\t\t\t\t<\/div>\n\t\t\t\t\t<\/div>\n\t\t\t\t<\/div>\n\t\t<div class=\"elementor-element elementor-element-e6993a7 e-flex e-con-boxed e-con e-parent\" data-id=\"e6993a7\" data-element_type=\"container\" data-settings=\"{&quot;content_width&quot;:&quot;boxed&quot;}\" data-core-v316-plus=\"true\">\n\t\t\t\t\t<div class=\"e-con-inner\">\n\t\t\t\t<div class=\"elementor-element elementor-element-277cd4f elementor-widget elementor-widget-text-editor\" data-id=\"277cd4f\" data-element_type=\"widget\" data-widget_type=\"text-editor.default\">\n\t\t\t\t<div class=\"elementor-widget-container\">\n\t\t\t\t\t\t\t<p>\u201cA BE SAFE GROUP \u00e9 constitu\u00edda por profissionais altamente qualificados nas mais diversas \u00e1reas de atua\u00e7\u00e3o, fornecendo servi\u00e7os de qualidade.\u201d<\/p>\t\t\t\t\t\t<\/div>\n\t\t\t\t<\/div>\n\t\t\t\t\t<\/div>\n\t\t\t\t<\/div>\n\t\t<div class=\"elementor-element elementor-element-a9883aa e-flex e-con-boxed e-con e-parent\" data-id=\"a9883aa\" data-element_type=\"container\" data-settings=\"{&quot;content_width&quot;:&quot;boxed&quot;}\" data-core-v316-plus=\"true\">\n\t\t\t\t\t<div class=\"e-con-inner\">\n\t\t<div class=\"elementor-element elementor-element-0a7786f e-con-full e-flex e-con e-child\" data-id=\"0a7786f\" data-element_type=\"container\" data-settings=\"{&quot;content_width&quot;:&quot;full&quot;}\">\n\t\t\t\t<div class=\"elementor-element elementor-element-419ee1c elementor-widget elementor-widget-image\" data-id=\"419ee1c\" data-element_type=\"widget\" data-widget_type=\"image.default\">\n\t\t\t\t<div class=\"elementor-widget-container\">\n\t\t\t\t\t\t\t\t\t\t\t\t\t<img loading=\"lazy\" decoding=\"async\" width=\"817\" height=\"1024\" src=\"https:\/\/besafegroup.cv\/wp-content\/uploads\/2024\/03\/ZULEIKA-817x1024.jpeg\" class=\"attachment-large size-large wp-image-1338\" alt=\"\" srcset=\"https:\/\/besafegroup.cv\/wp-content\/uploads\/2024\/03\/ZULEIKA-817x1024.jpeg 817w, https:\/\/besafegroup.cv\/wp-content\/uploads\/2024\/03\/ZULEIKA-239x300.jpeg 239w, https:\/\/besafegroup.cv\/wp-content\/uploads\/2024\/03\/ZULEIKA-768x962.jpeg 768w, https:\/\/besafegroup.cv\/wp-content\/uploads\/2024\/03\/ZULEIKA.jpeg 878w\" sizes=\"(max-width: 817px) 100vw, 817px\" \/>\t\t\t\t\t\t\t\t\t\t\t\t\t<\/div>\n\t\t\t\t<\/div>\n\t\t\t\t<div class=\"elementor-element elementor-element-ebf2594 elementor-widget elementor-widget-text-editor\" data-id=\"ebf2594\" data-element_type=\"widget\" data-widget_type=\"text-editor.default\">\n\t\t\t\t<div class=\"elementor-widget-container\">\n\t\t\t\t\t\t\t<h3 class=\"team-title\"><a href=\"https:\/\/besafegroup.cv\/?team=zuleika-rodrigues\">ZULEIKA RODRIGUES<\/a><\/h3><p>CEO &amp; FOUNDER BE SAFE GROUP<\/p>\t\t\t\t\t\t<\/div>\n\t\t\t\t<\/div>\n\t\t\t\t<\/div>\n\t\t<div class=\"elementor-element elementor-element-0bef934 e-con-full e-flex e-con e-child\" data-id=\"0bef934\" data-element_type=\"container\" data-settings=\"{&quot;content_width&quot;:&quot;full&quot;}\">\n\t\t\t\t<div class=\"elementor-element elementor-element-9b70aef elementor-widget elementor-widget-image\" data-id=\"9b70aef\" data-element_type=\"widget\" data-widget_type=\"image.default\">\n\t\t\t\t<div class=\"elementor-widget-container\">\n\t\t\t\t\t\t\t\t\t\t\t\t\t<img loading=\"lazy\" decoding=\"async\" width=\"768\" height=\"962\" src=\"https:\/\/besafegroup.cv\/wp-content\/uploads\/2024\/04\/ok-3.jpg\" class=\"attachment-large size-large wp-image-1424\" alt=\"\" srcset=\"https:\/\/besafegroup.cv\/wp-content\/uploads\/2024\/04\/ok-3.jpg 768w, https:\/\/besafegroup.cv\/wp-content\/uploads\/2024\/04\/ok-3-240x300.jpg 240w\" sizes=\"(max-width: 768px) 100vw, 768px\" \/>\t\t\t\t\t\t\t\t\t\t\t\t\t<\/div>\n\t\t\t\t<\/div>\n\t\t\t\t<div class=\"elementor-element elementor-element-1fb7bd1 elementor-widget elementor-widget-text-editor\" data-id=\"1fb7bd1\" data-element_type=\"widget\" data-widget_type=\"text-editor.default\">\n\t\t\t\t<div class=\"elementor-widget-container\">\n\t\t\t\t\t\t\t<h3 class=\"team-title\"><a href=\"https:\/\/besafegroup.cv\/?team=cristina-rodrigues\">CRISTINA RODRIGUES<\/a><\/h3><p>Administradora Executiva<\/p>\t\t\t\t\t\t<\/div>\n\t\t\t\t<\/div>\n\t\t\t\t<\/div>\n\t\t<div class=\"elementor-element elementor-element-1704d92 e-con-full e-flex e-con e-child\" data-id=\"1704d92\" data-element_type=\"container\" data-settings=\"{&quot;content_width&quot;:&quot;full&quot;}\">\n\t\t\t\t<div class=\"elementor-element elementor-element-2839624 elementor-widget elementor-widget-image\" data-id=\"2839624\" data-element_type=\"widget\" data-widget_type=\"image.default\">\n\t\t\t\t<div class=\"elementor-widget-container\">\n\t\t\t\t\t\t\t\t\t\t\t\t\t<img loading=\"lazy\" decoding=\"async\" width=\"817\" height=\"1024\" src=\"https:\/\/besafegroup.cv\/wp-content\/uploads\/2024\/04\/1-817x1024.jpg\" class=\"attachment-large size-large wp-image-1501\" alt=\"\" srcset=\"https:\/\/besafegroup.cv\/wp-content\/uploads\/2024\/04\/1-817x1024.jpg 817w, https:\/\/besafegroup.cv\/wp-content\/uploads\/2024\/04\/1-239x300.jpg 239w, https:\/\/besafegroup.cv\/wp-content\/uploads\/2024\/04\/1-768x962.jpg 768w, https:\/\/besafegroup.cv\/wp-content\/uploads\/2024\/04\/1.jpg 878w\" sizes=\"(max-width: 817px) 100vw, 817px\" \/>\t\t\t\t\t\t\t\t\t\t\t\t\t<\/div>\n\t\t\t\t<\/div>\n\t\t\t\t<div class=\"elementor-element elementor-element-6c10fea elementor-widget elementor-widget-text-editor\" data-id=\"6c10fea\" data-element_type=\"widget\" data-widget_type=\"text-editor.default\">\n\t\t\t\t<div class=\"elementor-widget-container\">\n\t\t\t\t\t\t\t<h3 class=\"team-title\"><a href=\"https:\/\/besafegroup.cv\/?team=joseana-rodrigues\">JOSEANA RODRIGUES<\/a><\/h3><p>Administradora Executiva<\/p>\t\t\t\t\t\t<\/div>\n\t\t\t\t<\/div>\n\t\t\t\t<\/div>\n\t\t\t\t\t<\/div>\n\t\t\t\t<\/div>\n\t\t\t\t<\/div>\n\t\t","protected":false},"excerpt":{"rendered":"<p>A BE SAFE GROUP \u00e9 uma rede de tr\u00eas empresas que oferecem servi\u00e7os diferenciados em toda cadeia de alimentos e sustentabilidade ambiental, atrav\u00e9s da AGRO SAFE &#8211; Agricultura, Pecu\u00e1ria e Pesca, BE SAFE &#8211; Transforma\u00e7\u00e3o, Comercializa\u00e7\u00e3o de alimentos e GREEN SAFE &#8211; Energia, Ambiente e Turismo Sustent\u00e1vel. \u00a0 \u00c9 especializada em servi\u00e7os de auditoria, consultoria<br \/><a class=\"moretag\" href=\"https:\/\/besafegroup.cv\/?page_id=9\">+ Read More<\/a><\/p>\n","protected":false},"author":1,"featured_media":0,"parent":0,"menu_order":0,"comment_status":"closed","ping_status":"closed","template":"templates\/page-fullwidth_template.php","meta":{"footnotes":""},"class_list":["post-9","page","type-page","status-publish","hentry"],"_links":{"self":[{"href":"https:\/\/besafegroup.cv\/index.php?rest_route=\/wp\/v2\/pages\/9","targetHints":{"allow":["GET"]}}],"collection":[{"href":"https:\/\/besafegroup.cv\/index.php?rest_route=\/wp\/v2\/pages"}],"about":[{"href":"https:\/\/besafegroup.cv\/index.php?rest_route=\/wp\/v2\/types\/page"}],"author":[{"embeddable":true,"href":"https:\/\/besafegroup.cv\/index.php?rest_route=\/wp\/v2\/users\/1"}],"replies":[{"embeddable":true,"href":"https:\/\/besafegroup.cv\/index.php?rest_route=%2Fwp%2Fv2%2Fcomments&post=9"}],"version-history":[{"count":28,"href":"https:\/\/besafegroup.cv\/index.php?rest_route=\/wp\/v2\/pages\/9\/revisions"}],"predecessor-version":[{"id":1522,"href":"https:\/\/besafegroup.cv\/index.php?rest_route=\/wp\/v2\/pages\/9\/revisions\/1522"}],"wp:attachment":[{"href":"https:\/\/besafegroup.cv\/index.php?rest_route=%2Fwp%2Fv2%2Fmedia&parent=9"}],"curies":[{"name":"wp","href":"https:\/\/api.w.org\/{rel}","templated":true}]}}